{"id":38937,"date":"2026-03-15T09:40:30","date_gmt":"2026-03-15T06:40:30","guid":{"rendered":"https:\/\/rossicarpet.com\/?page_id=38937"},"modified":"2026-03-15T21:07:35","modified_gmt":"2026-03-15T18:07:35","slug":"anasayfa","status":"publish","type":"page","link":"https:\/\/rossicarpet.com\/tr\/anasayfa\/","title":{"rendered":"Anasayfa"},"content":{"rendered":"<div data-elementor-type=\"wp-page\" data-elementor-id=\"38937\" class=\"elementor elementor-38937\" data-elementor-post-type=\"page\">\n\t\t\t\t\t\t<section class=\"elementor-section elementor-top-section elementor-element elementor-element-416df95 elementor-section-content-middle elementor-section-stretched elementor-section-boxed elementor-section-height-default elementor-section-height-default\" data-id=\"416df95\" data-element_type=\"section\" data-e-type=\"section\" data-settings=\"{&quot;stretch_section&quot;:&quot;section-stretched&quot;}\">\n\t\t\t\t\t\t\t<div class=\"elementor-background-overlay\"><\/div>\n\t\t\t\t\t\t\t<div class=\"elementor-container elementor-column-gap-default\">\n\t\t\t\t\t<div class=\"elementor-column elementor-col-100 elementor-top-column elementor-element elementor-element-81e26d6\" data-id=\"81e26d6\" data-element_type=\"column\" data-e-type=\"column\">\n\t\t\t<div class=\"elementor-widget-wrap elementor-element-populated\">\n\t\t\t\t\t\t<section class=\"elementor-section elementor-inner-section elementor-element elementor-element-cb49f6e elementor-section-boxed elementor-section-height-default elementor-section-height-default\" data-id=\"cb49f6e\" data-element_type=\"section\" data-e-type=\"section\">\n\t\t\t\t\t\t\t<div class=\"elementor-background-overlay\"><\/div>\n\t\t\t\t\t\t\t<div class=\"elementor-container elementor-column-gap-default\">\n\t\t\t\t\t<div class=\"elementor-column elementor-col-50 elementor-inner-column elementor-element elementor-element-a4def13\" data-id=\"a4def13\" data-element_type=\"column\" data-e-type=\"column\">\n\t\t\t<div class=\"elementor-widget-wrap elementor-element-populated\">\n\t\t\t\t\t\t<div class=\"elementor-element elementor-element-110c966 elementor-widget elementor-widget-image\" data-id=\"110c966\" data-element_type=\"widget\" data-e-type=\"widget\" data-widget_type=\"image.default\">\n\t\t\t\t\t\t\t\t\t\t\t\t\t\t\t<img fetchpriority=\"high\" decoding=\"async\" width=\"1024\" height=\"1024\" src=\"https:\/\/rossicarpet.com\/wp-content\/uploads\/2026\/02\/3.png\" class=\"attachment-full size-full wp-image-38176\" alt=\"\" \/>\t\t\t\t\t\t\t\t\t\t\t\t\t\t\t<\/div>\n\t\t\t\t\t<\/div>\n\t\t<\/div>\n\t\t\t\t<div class=\"elementor-column elementor-col-50 elementor-inner-column elementor-element elementor-element-d1853cb\" data-id=\"d1853cb\" data-element_type=\"column\" data-e-type=\"column\" data-settings=\"{&quot;background_background&quot;:&quot;classic&quot;}\">\n\t\t\t<div class=\"elementor-widget-wrap elementor-element-populated\">\n\t\t\t\t\t\t<div class=\"elementor-element elementor-element-45e9772 animated-fast cea-mobile-align-left elementor-widget__width-initial cea-separator-type-normal elementor-invisible elementor-widget elementor-widget-ceasectiontitle\" data-id=\"45e9772\" data-element_type=\"widget\" data-e-type=\"widget\" data-settings=\"{&quot;_animation&quot;:&quot;fadeInUp&quot;}\" data-widget_type=\"ceasectiontitle.default\">\n\t\t\t\t<div class=\"elementor-widget-container\">\n\t\t\t\t\t<div class=\"section-title-wrapper\"><div class=\"title-wrap\"><div class=\"sub-title\"><span class=\"subtitle-dots\" >Hakk\u0131m\u0131zda<\/span><\/div><h2 class=\"section-title none cea-nrml\" data-animation=\"none cea-nrml\">Rossi Carpet<\/h2><div class=\"elementor-divider\"><span class=\"elementor-divider-separator\"><\/span><\/div><\/div><!-- .title-wrap --><div class=\"section-description\"><p class=\"section-content\">\u015eirketimizin kurucusu M. Taha \u00d6zkaya, i\u015f hayat\u0131na 2002 y\u0131l\u0131nda iplik ihracat\u0131 ile ba\u015flad\u0131. Y\u0131llarca s\u00fcren uluslararas\u0131 seyahatleriyle edindi\u011fi ihracat deneyimi, d\u00fcnya genelinde yakla\u015f\u0131k 52 \u00fclkeye ula\u015fmas\u0131n\u0131 sa\u011flad\u0131.\n\nBu ihracat deneyimi, onu yeni sekt\u00f6rlere, \u00f6zellikle de t\u00fcyl\u00fc ve makine yap\u0131m\u0131 hal\u0131 sekt\u00f6r\u00fcne y\u00f6nlendirdi. Hal\u0131 sekt\u00f6r\u00fcndeki d\u00fcr\u00fcst ve ilkeli yakla\u015f\u0131m\u0131, sat\u0131\u015f ve pazarlamada ba\u015far\u0131ya ula\u015fmas\u0131n\u0131 sa\u011flad\u0131 ve kendi \u00fcretimini kurma fikrine yol a\u00e7t\u0131. 2024 y\u0131l\u0131nda Gaziantep'te Rossi Hal\u0131'y\u0131 kurma stratejik karar\u0131n\u0131 alarak i\u015f hayat\u0131n\u0131 \u00fcretim sekt\u00f6r\u00fcyle b\u00fct\u00fcnle\u015ftirdi. Hal\u0131 sekt\u00f6r\u00fcndeki t\u00fcm deneyimini Rossi Hal\u0131'ya aktaran \u00d6zkaya, deneyimli ekibiyle birlikte m\u00fc\u015fteri memnuniyeti ve pazar verimlili\u011fine odaklanarak ilerlemeye devam ediyor. \u00dcr\u00fcnlerimiz ABD, Avrupa, G\u00fcney Amerika, Kuzey Afrika, Orta Do\u011fu, Rusya ve d\u00fcnyan\u0131n bir\u00e7ok di\u011fer b\u00f6lgesine ihra\u00e7 edilmektedir. S\u00fcrekli kendini yenileyen \u015firketimiz, Ar-Ge \u00e7al\u0131\u015fmalar\u0131 ve yeni tasar\u0131mlar arac\u0131l\u0131\u011f\u0131yla vizyon ve misyonu do\u011frultusunda faaliyetlerine devam etmektedir.<\/p><\/div><!-- .section-description --><\/div><!-- .section-title-wrapper -->\t\t\t\t<\/div>\n\t\t\t\t<\/div>\n\t\t\t\t<div class=\"elementor-element elementor-element-fa070ad cea-view-default elementor-widget elementor-widget-ceafeaturebox\" data-id=\"fa070ad\" data-element_type=\"widget\" data-e-type=\"widget\" data-widget_type=\"ceafeaturebox.default\">\n\t\t\t\t<div class=\"elementor-widget-container feature-box-wrapper feature-box-default\">\n\t\t\t<div class=\"media\"><div class=\"media-icon-part align-self-center\"><figure class=\"cea-feature-box-img\"><img decoding=\"async\" src=\"https:\/\/rossicarpet.com\/wp-content\/uploads\/2023\/02\/left-quote1-1.png\" title=\"left-quote1\" alt=\"left-quote1\" class=\"img-fluid squared\" \/><\/figure><\/div><div class=\"media-body align-self-center\"><div class=\"fbox-content\">Zemindeki zarafeti hissedin!<\/div><\/div><!-- .media-body --><\/div><!-- .media -->\t\t<\/div>\n\t\t\t\t<\/div>\n\t\t\t\t\t<\/div>\n\t\t<\/div>\n\t\t\t\t\t<\/div>\n\t\t<\/section>\n\t\t\t\t\t<\/div>\n\t\t<\/div>\n\t\t\t\t\t<\/div>\n\t\t<\/section>\n\t\t<div class=\"elementor-element elementor-element-8c1834b e-con-full e-flex e-con e-parent\" data-id=\"8c1834b\" data-element_type=\"container\" data-e-type=\"container\">\n\t\t\t\t<div class=\"elementor-element elementor-element-03b5386 animated-fast cea-tablet-align-center cea-align-center elementor-invisible elementor-widget elementor-widget-ceasectiontitle\" data-id=\"03b5386\" data-element_type=\"widget\" data-e-type=\"widget\" data-settings=\"{&quot;_animation&quot;:&quot;fadeInUp&quot;}\" data-widget_type=\"ceasectiontitle.default\">\n\t\t\t\t<div class=\"elementor-widget-container\">\n\t\t\t\t\t<div class=\"section-title-wrapper\"><div class=\"title-wrap\"><h3 class=\"section-title none cea-nrml\" data-animation=\"none cea-nrml\">Koleksiyonlar\u0131m\u0131z<\/h3><\/div><!-- .title-wrap --><div class=\"section-description\"><\/div><!-- .section-description --><\/div><!-- .section-title-wrapper -->\t\t\t\t<\/div>\n\t\t\t\t<\/div>\n\t\t\t\t<\/div>\n\t\t<div class=\"elementor-element elementor-element-8efd1c0 e-con-full e-flex e-con e-parent\" data-id=\"8efd1c0\" data-element_type=\"container\" data-e-type=\"container\">\n\t\t<div class=\"elementor-element elementor-element-8872b53 e-con-full e-flex e-con e-child\" data-id=\"8872b53\" data-element_type=\"container\" data-e-type=\"container\">\n\t\t\t\t<div class=\"elementor-element elementor-element-2448a01 elementor-widget elementor-widget-theme-post-featured-image elementor-widget-image\" data-id=\"2448a01\" data-element_type=\"widget\" data-e-type=\"widget\" data-widget_type=\"theme-post-featured-image.default\">\n\t\t\t\t\t\t\t\t\t\t\t\t\t\t\t\t<a href=\"\/tr\/silver\/\">\n\t\t\t\t\t\t\t<img decoding=\"async\" width=\"1024\" height=\"1536\" src=\"https:\/\/rossicarpet.com\/wp-content\/uploads\/2026\/02\/silver.jpg\" class=\"elementor-animation-grow attachment-full size-full wp-image-38389\" alt=\"\" srcset=\"https:\/\/rossicarpet.com\/wp-content\/uploads\/2026\/02\/silver.jpg 1024w, https:\/\/rossicarpet.com\/wp-content\/uploads\/2026\/02\/silver-768x1152.jpg 768w\" sizes=\"(max-width: 1024px) 100vw, 1024px\" \/>\t\t\t\t\t\t\t\t<\/a>\n\t\t\t\t\t\t\t\t\t\t\t\t\t\t\t<\/div>\n\t\t\t\t<div class=\"elementor-element elementor-element-2d6896d elementor-widget elementor-widget-heading\" data-id=\"2d6896d\" data-element_type=\"widget\" data-e-type=\"widget\" data-widget_type=\"heading.default\">\n\t\t\t\t\t<h4 class=\"elementor-heading-title elementor-size-default\"><a href=\"\/tr\/silver\/\">Silver<\/a><\/h4>\t\t\t\t<\/div>\n\t\t\t\t<\/div>\n\t\t<div class=\"elementor-element elementor-element-a3f3131 e-con-full e-flex e-con e-child\" data-id=\"a3f3131\" data-element_type=\"container\" data-e-type=\"container\">\n\t\t\t\t<div class=\"elementor-element elementor-element-dd4ca51 elementor-widget elementor-widget-theme-post-featured-image elementor-widget-image\" data-id=\"dd4ca51\" data-element_type=\"widget\" data-e-type=\"widget\" data-widget_type=\"theme-post-featured-image.default\">\n\t\t\t\t\t\t\t\t\t\t\t\t\t\t\t\t<a href=\"\/tr\/sila-lux\/\">\n\t\t\t\t\t\t\t<img decoding=\"async\" width=\"1024\" height=\"1536\" src=\"https:\/\/rossicarpet.com\/wp-content\/uploads\/2026\/02\/sila-1.jpg\" class=\"elementor-animation-grow attachment-full size-full wp-image-38799\" alt=\"\" srcset=\"https:\/\/rossicarpet.com\/wp-content\/uploads\/2026\/02\/sila-1.jpg 1024w, https:\/\/rossicarpet.com\/wp-content\/uploads\/2026\/02\/sila-1-768x1152.jpg 768w\" sizes=\"(max-width: 1024px) 100vw, 1024px\" \/>\t\t\t\t\t\t\t\t<\/a>\n\t\t\t\t\t\t\t\t\t\t\t\t\t\t\t<\/div>\n\t\t\t\t<div class=\"elementor-element elementor-element-f1f012d elementor-widget elementor-widget-heading\" data-id=\"f1f012d\" data-element_type=\"widget\" data-e-type=\"widget\" data-widget_type=\"heading.default\">\n\t\t\t\t\t<h4 class=\"elementor-heading-title elementor-size-default\"><a href=\"\/tr\/sila-lux\/\">Sila Luxury<\/a><\/h4>\t\t\t\t<\/div>\n\t\t\t\t<\/div>\n\t\t<div class=\"elementor-element elementor-element-8c4b89b e-con-full e-flex e-con e-child\" data-id=\"8c4b89b\" data-element_type=\"container\" data-e-type=\"container\">\n\t\t\t\t<div class=\"elementor-element elementor-element-c4dc6e9 elementor-widget elementor-widget-theme-post-featured-image elementor-widget-image\" data-id=\"c4dc6e9\" data-element_type=\"widget\" data-e-type=\"widget\" data-widget_type=\"theme-post-featured-image.default\">\n\t\t\t\t\t\t\t\t\t\t\t\t\t\t\t\t<a href=\"\/tr\/vivaldi\/\">\n\t\t\t\t\t\t\t<img loading=\"lazy\" decoding=\"async\" width=\"1024\" height=\"1536\" src=\"https:\/\/rossicarpet.com\/wp-content\/uploads\/2026\/02\/vivaldi.jpg\" class=\"elementor-animation-grow attachment-full size-full wp-image-38424\" alt=\"\" srcset=\"https:\/\/rossicarpet.com\/wp-content\/uploads\/2026\/02\/vivaldi.jpg 1024w, https:\/\/rossicarpet.com\/wp-content\/uploads\/2026\/02\/vivaldi-768x1152.jpg 768w\" sizes=\"(max-width: 1024px) 100vw, 1024px\" \/>\t\t\t\t\t\t\t\t<\/a>\n\t\t\t\t\t\t\t\t\t\t\t\t\t\t\t<\/div>\n\t\t\t\t<div class=\"elementor-element elementor-element-29d9c8e elementor-widget elementor-widget-heading\" data-id=\"29d9c8e\" data-element_type=\"widget\" data-e-type=\"widget\" data-widget_type=\"heading.default\">\n\t\t\t\t\t<h4 class=\"elementor-heading-title elementor-size-default\"><a href=\"\/tr\/vivaldi\/\">Vivaldi<\/a><\/h4>\t\t\t\t<\/div>\n\t\t\t\t<\/div>\n\t\t<div class=\"elementor-element elementor-element-58a4c7d e-con-full e-flex e-con e-child\" data-id=\"58a4c7d\" data-element_type=\"container\" data-e-type=\"container\">\n\t\t\t\t<div class=\"elementor-element elementor-element-2a4a52a elementor-widget elementor-widget-theme-post-featured-image elementor-widget-image\" data-id=\"2a4a52a\" data-element_type=\"widget\" data-e-type=\"widget\" data-widget_type=\"theme-post-featured-image.default\">\n\t\t\t\t\t\t\t\t\t\t\t\t\t\t\t\t<a href=\"\/tr\/four-season\/\">\n\t\t\t\t\t\t\t<img loading=\"lazy\" decoding=\"async\" width=\"1024\" height=\"1536\" src=\"https:\/\/rossicarpet.com\/wp-content\/uploads\/2026\/02\/4mevsim.jpg\" class=\"elementor-animation-grow attachment-full size-full wp-image-38428\" alt=\"\" srcset=\"https:\/\/rossicarpet.com\/wp-content\/uploads\/2026\/02\/4mevsim.jpg 1024w, https:\/\/rossicarpet.com\/wp-content\/uploads\/2026\/02\/4mevsim-768x1152.jpg 768w\" sizes=\"(max-width: 1024px) 100vw, 1024px\" \/>\t\t\t\t\t\t\t\t<\/a>\n\t\t\t\t\t\t\t\t\t\t\t\t\t\t\t<\/div>\n\t\t\t\t<div class=\"elementor-element elementor-element-95f9c9d elementor-widget elementor-widget-heading\" data-id=\"95f9c9d\" data-element_type=\"widget\" data-e-type=\"widget\" data-widget_type=\"heading.default\">\n\t\t\t\t\t<h4 class=\"elementor-heading-title elementor-size-default\"><a href=\"\/tr\/four-season\/\">4 Mevsim<\/a><\/h4>\t\t\t\t<\/div>\n\t\t\t\t<\/div>\n\t\t\t\t<\/div>\n\t\t\t\t<section class=\"elementor-section elementor-top-section elementor-element elementor-element-43e96eb elementor-section-content-middle elementor-section-stretched elementor-section-boxed elementor-section-height-default elementor-section-height-default\" data-id=\"43e96eb\" data-element_type=\"section\" data-e-type=\"section\" data-settings=\"{&quot;stretch_section&quot;:&quot;section-stretched&quot;}\">\n\t\t\t\t\t\t\t<div class=\"elementor-background-overlay\"><\/div>\n\t\t\t\t\t\t\t<div class=\"elementor-container elementor-column-gap-default\">\n\t\t\t\t\t<div class=\"elementor-column elementor-col-100 elementor-top-column elementor-element elementor-element-e46516f\" data-id=\"e46516f\" data-element_type=\"column\" data-e-type=\"column\">\n\t\t\t<div class=\"elementor-widget-wrap\">\n\t\t\t\t\t\t\t<\/div>\n\t\t<\/div>\n\t\t\t\t\t<\/div>\n\t\t<\/section>\n\t\t\t\t<\/div>","protected":false},"excerpt":{"rendered":"<p>Hakk\u0131m\u0131zda Rossi Carpet \u015eirketimizin kurucusu M. Taha \u00d6zkaya, i\u015f hayat\u0131na 2002 y\u0131l\u0131nda iplik ihracat\u0131 ile ba\u015flad\u0131. Y\u0131llarca s\u00fcren uluslararas\u0131 seyahatleriyle..<\/p>","protected":false},"author":1,"featured_media":0,"parent":0,"menu_order":0,"comment_status":"closed","ping_status":"closed","template":"","meta":{"footnotes":""},"class_list":["post-38937","page","type-page","status-publish","hentry"],"_links":{"self":[{"href":"https:\/\/rossicarpet.com\/tr\/wp-json\/wp\/v2\/pages\/38937","targetHints":{"allow":["GET"]}}],"collection":[{"href":"https:\/\/rossicarpet.com\/tr\/wp-json\/wp\/v2\/pages"}],"about":[{"href":"https:\/\/rossicarpet.com\/tr\/wp-json\/wp\/v2\/types\/page"}],"author":[{"embeddable":true,"href":"https:\/\/rossicarpet.com\/tr\/wp-json\/wp\/v2\/users\/1"}],"replies":[{"embeddable":true,"href":"https:\/\/rossicarpet.com\/tr\/wp-json\/wp\/v2\/comments?post=38937"}],"version-history":[{"count":31,"href":"https:\/\/rossicarpet.com\/tr\/wp-json\/wp\/v2\/pages\/38937\/revisions"}],"predecessor-version":[{"id":38974,"href":"https:\/\/rossicarpet.com\/tr\/wp-json\/wp\/v2\/pages\/38937\/revisions\/38974"}],"wp:attachment":[{"href":"https:\/\/rossicarpet.com\/tr\/wp-json\/wp\/v2\/media?parent=38937"}],"curies":[{"name":"wp","href":"https:\/\/api.w.org\/{rel}","templated":true}]}}